{"id":1699,"date":"2021-01-05T16:44:00","date_gmt":"2021-01-05T16:44:00","guid":{"rendered":"http:\/\/www.grcreativity.com\/?page_id=1699"},"modified":"2022-05-30T17:45:03","modified_gmt":"2022-05-30T17:45:03","slug":"publicidad-en-el-punto-de-venta","status":"publish","type":"page","link":"https:\/\/www.grcreativity.com\/?page_id=1699","title":{"rendered":"Publicidad en el punto de venta"},"content":{"rendered":"<div data-colibri-id=\"1699-c1\" class=\"style-1548 style-local-1699-c1 position-relative\">\n  <!---->\n  <div data-colibri-component=\"section\" data-colibri-id=\"1699-c2\" id=\"custom\" class=\"h-section h-section-global-spacing d-flex align-items-lg-center align-items-md-center align-items-center style-1549 style-local-1699-c2 position-relative\">\n    <!---->\n    <!---->\n    <div class=\"h-section-grid-container h-section-boxed-container\">\n      <!---->\n      <div data-colibri-id=\"1699-c3\" class=\"h-row-container gutters-row-lg-2 gutters-row-md-2 gutters-row-0 gutters-row-v-lg-2 gutters-row-v-md-2 gutters-row-v-2 style-1550 style-local-1699-c3 position-relative\">\n        <!---->\n        <div class=\"h-row justify-content-lg-center justify-content-md-center justify-content-center align-items-lg-stretch align-items-md-stretch align-items-stretch gutters-col-lg-2 gutters-col-md-2 gutters-col-0 gutters-col-v-lg-2 gutters-col-v-md-2 gutters-col-v-2\">\n          <!---->\n          <div class=\"h-column h-column-container d-flex h-col-lg-auto h-col-md-auto h-col-auto style-1551-outer style-local-1699-c4-outer\">\n            <div data-colibri-id=\"1699-c4\" class=\"d-flex h-flex-basis h-column__inner h-px-lg-2 h-px-md-2 h-px-2 v-inner-lg-2 v-inner-md-2 v-inner-2 style-1551 style-local-1699-c4 position-relative\">\n              <!---->\n              <!---->\n              <div class=\"w-100 h-y-container h-column__content h-column__v-align flex-basis-100 align-self-lg-start align-self-md-start align-self-start\">\n                <!---->\n                <div data-colibri-id=\"1699-c5\" class=\"d-flex align-items-center text-lg-center text-md-center text-center justify-content-lg-center justify-content-md-center justify-content-center style-1552 style-local-1699-c5 position-relative h-element\">\n                  <!---->\n                  <a rel=\"home\" href=\"https:\/\/www.grcreativity.com\/\" h-use-smooth-scroll=\"true\" class=\"d-flex align-items-center\">\n                    <img decoding=\"async\" src=\"https:\/\/www.grcreativity.com\/wp-content\/uploads\/2020\/12\/cropped-cropped-cropped-GRC1-1-2.jpg\" class=\"h-logo__image h-logo__image_h logo-image style-1552-image style-local-1699-c5-image\" alt=\"\" \/>\n                    <img decoding=\"async\" src=\"https:\/\/www.grcreativity.com\/wp-content\/uploads\/2020\/12\/cropped-cropped-cropped-GRC1-1-2.jpg\" class=\"h-logo__alt-image h-logo__alt-image_h logo-alt-image style-1552-image style-local-1699-c5-image\">\n                  <\/a>\n                <\/div>\n                <div data-colibri-component=\"dropdown-menu\" role=\"navigation\" h-use-smooth-scroll-all=\"true\" data-colibri-id=\"1699-c6\" class=\"h-menu h-global-transition-all h-ignore-global-body-typography has-offcanvas-mobile h-menu-horizontal h-dropdown-menu style-1554 style-local-1699-c6 position-relative h-element\">\n                  <!---->\n                  <div class=\"h-global-transition-all h-main-menu\"><div class=\"colibri-menu-container\"><ul id=\"menu-principal\" class=\"colibri-menu bordered-active-item bordered-active-item--bottom effect-borders-grow grow-from-left\"><li id=\"menu-item-702\" class=\"menu-item menu-item-type-post_type menu-item-object-page menu-item-702\"><a href=\"https:\/\/www.grcreativity.com\/?page_id=54\">EMPRESA<\/a><\/li>\n<li id=\"menu-item-703\" class=\"menu-item menu-item-type-post_type menu-item-object-page menu-item-703\"><a href=\"https:\/\/www.grcreativity.com\/?page_id=32\">DISE\u00d1O GR\u00c1FICO<\/a><\/li>\n<li id=\"menu-item-701\" class=\"menu-item menu-item-type-post_type menu-item-object-page menu-item-701\"><a href=\"https:\/\/www.grcreativity.com\/?page_id=136\">COMUNICACI\u00d3N VISUAL<\/a><\/li>\n<li id=\"menu-item-754\" class=\"menu-item menu-item-type-post_type menu-item-object-page menu-item-754\"><a href=\"https:\/\/www.grcreativity.com\/?page_id=751\">RESEARCH<\/a><\/li>\n<li id=\"menu-item-700\" class=\"menu-item menu-item-type-post_type menu-item-object-page menu-item-700\"><a href=\"https:\/\/www.grcreativity.com\/?page_id=694\">CONTACTO<\/a><\/li>\n<\/ul><\/div><\/div>\n                  <div data-colibri-id=\"1699-c7\" class=\"h-mobile-menu h-global-transition-disable style-1557 style-local-1699-c7 position-relative h-element\">\n                    <!---->\n                    <a data-click-outside=\"true\" data-target=\"#offcanvas-wrapper-1699-c7\" data-target-id=\"offcanvas-wrapper-1699-c7\" data-offcanvas-overlay-id=\"offcanvas-overlay-1699-c7\" href=\"#\" data-colibri-component=\"offcanvas\" data-direction=\"right\"\n                      data-push=\"false\" title=\"Menu\" class=\"h-hamburger-button\">\n                      <div class=\"icon-container h-hamburger-icon\">\n                        <div class=\"h-icon-svg\" style=\"width: 100%; height: 100%;\">\n                          <!--Icon by Font Awesome (https:\/\/fontawesome.com)-->\n                          <svg version=\"1.1\" xmlns=\"http:\/\/www.w3.org\/2000\/svg\" xmlns:xlink=\"http:\/\/www.w3.org\/1999\/xlink\" id=\"bars\" viewBox=\"0 0 1536 1896.0833\">\n                            <path d=\"M1536 1344v128q0 26-19 45t-45 19H64q-26 0-45-19t-19-45v-128q0-26 19-45t45-19h1408q26 0 45 19t19 45zm0-512v128q0 26-19 45t-45 19H64q-26 0-45-19T0 960V832q0-26 19-45t45-19h1408q26 0 45 19t19 45zm0-512v128q0 26-19 45t-45 19H64q-26 0-45-19T0 448V320q0-26 19-45t45-19h1408q26 0 45 19t19 45z\"><\/path>\n                          <\/svg>\n                        <\/div>\n                      <\/div>\n                    <\/a>\n                    <div id=\"offcanvas-wrapper-1699-c7\" class=\"h-offcanvas-panel offcanvas offcanvas-right hide force-hide style-1557-offscreen style-local-1699-c7-offscreen\">\n                      <div data-colibri-id=\"1699-c8\" class=\"d-flex flex-column h-offscreen-panel style-1558 style-local-1699-c8 position-relative h-element\">\n                        <!---->\n                        <div class=\"offscreen-header h-ui-empty-state-container\">\n                          <div data-colibri-id=\"1699-c10\" class=\"h-row-container gutters-row-lg-0 gutters-row-md-0 gutters-row-0 gutters-row-v-lg-0 gutters-row-v-md-0 gutters-row-v-0 style-1560 style-local-1699-c10 position-relative\">\n                            <!---->\n                            <div class=\"h-row justify-content-lg-center justify-content-md-center justify-content-center align-items-lg-stretch align-items-md-stretch align-items-stretch gutters-col-lg-0 gutters-col-md-0 gutters-col-0 gutters-col-v-lg-0 gutters-col-v-md-0 gutters-col-v-0\">\n                              <!---->\n                              <div class=\"h-column h-column-container d-flex h-col-lg h-col-md h-col-auto style-1561-outer style-local-1699-c11-outer\">\n                                <div data-colibri-id=\"1699-c11\" class=\"d-flex h-flex-basis h-column__inner h-px-lg-2 h-px-md-2 h-px-2 v-inner-lg-2 v-inner-md-2 v-inner-2 style-1561 style-local-1699-c11 position-relative\">\n                                  <!---->\n                                  <!---->\n                                  <div class=\"w-100 h-y-container h-column__content h-column__v-align flex-basis-100 align-self-lg-start align-self-md-start align-self-start\">\n                                    <!---->\n                                    <div data-colibri-id=\"1699-c12\" class=\"d-flex align-items-center text-lg-center text-md-center text-center justify-content-lg-center justify-content-md-center justify-content-center style-1562 style-local-1699-c12 position-relative h-element\">\n                                      <!---->\n                                      <a rel=\"home\" href=\"https:\/\/www.grcreativity.com\/\" h-use-smooth-scroll=\"true\" class=\"d-flex align-items-center\">\n                                        <img decoding=\"async\" src=\"https:\/\/www.grcreativity.com\/wp-content\/uploads\/2020\/12\/cropped-cropped-cropped-GRC1-1-2.jpg\" class=\"h-logo__image h-logo__image_h logo-image style-1562-image style-local-1699-c12-image\" alt=\"\" \/>\n                                        <img decoding=\"async\" src=\"https:\/\/www.grcreativity.com\/wp-content\/uploads\/2020\/12\/cropped-cropped-cropped-GRC1-1-2.jpg\" class=\"h-logo__alt-image h-logo__alt-image_h logo-alt-image style-1562-image style-local-1699-c12-image\">\n                                      <\/a>\n                                    <\/div>\n                                  <\/div>\n                                <\/div>\n                              <\/div>\n                            <\/div>\n                          <\/div>\n                        <\/div>\n                        <div class=\"offscreen-content\">\n                          <!---->\n                          <div data-colibri-component=\"accordion-menu\" role=\"navigation\" h-use-smooth-scroll-all=\"true\" data-colibri-id=\"1699-c9\" class=\"h-menu h-global-transition-all h-ignore-global-body-typography h-mobile-menu h-menu-accordion style-1559 style-local-1699-c9 position-relative h-element\">\n                            <!---->\n                            <div class=\"h-global-transition-all h-mobile-menu\"><div class=\"colibri-menu-container\"><ul id=\"menu-principal-1\" class=\"colibri-menu none \"><li class=\"menu-item menu-item-type-post_type menu-item-object-page menu-item-702\"><a href=\"https:\/\/www.grcreativity.com\/?page_id=54\">EMPRESA<\/a><\/li>\n<li class=\"menu-item menu-item-type-post_type menu-item-object-page menu-item-703\"><a href=\"https:\/\/www.grcreativity.com\/?page_id=32\">DISE\u00d1O GR\u00c1FICO<\/a><\/li>\n<li class=\"menu-item menu-item-type-post_type menu-item-object-page menu-item-701\"><a href=\"https:\/\/www.grcreativity.com\/?page_id=136\">COMUNICACI\u00d3N VISUAL<\/a><\/li>\n<li class=\"menu-item menu-item-type-post_type menu-item-object-page menu-item-754\"><a href=\"https:\/\/www.grcreativity.com\/?page_id=751\">RESEARCH<\/a><\/li>\n<li class=\"menu-item menu-item-type-post_type menu-item-object-page menu-item-700\"><a href=\"https:\/\/www.grcreativity.com\/?page_id=694\">CONTACTO<\/a><\/li>\n<\/ul><\/div><\/div>\n                          <\/div>\n                        <\/div>\n                        <div class=\"offscreen-footer h-ui-empty-state-container\">\n                          <div data-colibri-id=\"1699-c13\" class=\"h-row-container gutters-row-lg-0 gutters-row-md-0 gutters-row-0 gutters-row-v-lg-0 gutters-row-v-md-0 gutters-row-v-0 style-1563 style-local-1699-c13 position-relative\">\n                            <!---->\n                            <div class=\"h-row justify-content-lg-center justify-content-md-center justify-content-center align-items-lg-stretch align-items-md-stretch align-items-stretch gutters-col-lg-0 gutters-col-md-0 gutters-col-0 gutters-col-v-lg-0 gutters-col-v-md-0 gutters-col-v-0\">\n                              <!---->\n                              <div class=\"h-column h-column-container d-flex h-col-lg h-col-md h-col-auto style-1564-outer style-local-1699-c14-outer\">\n                                <div data-colibri-id=\"1699-c14\" class=\"d-flex h-flex-basis h-column__inner h-px-lg-2 h-px-md-2 h-px-2 v-inner-lg-2 v-inner-md-2 v-inner-2 style-1564 style-local-1699-c14 position-relative\">\n                                  <!---->\n                                  <!---->\n                                  <div class=\"w-100 h-y-container h-column__content h-column__v-align flex-basis-100 align-self-lg-start align-self-md-start align-self-start\">\n                                    <!---->\n                                    <div data-colibri-id=\"1699-c15\" class=\"h-text h-text-component style-1565 style-local-1699-c15 position-relative h-element\">\n                                      <!---->\n                                      <!---->\n                                      <div class=\"\">\n                                        <p>\u00a9 2021<\/p>\n                                      <\/div>\n                                    <\/div>\n                                  <\/div>\n                                <\/div>\n                              <\/div>\n                            <\/div>\n                          <\/div>\n                        <\/div>\n                      <\/div>\n                    <\/div>\n                    <div id=\"offcanvas-overlay-1699-c7\" class=\"offscreen-overlay style-1557-offscreenOverlay style-local-1699-c7-offscreenOverlay\"><\/div>\n                  <\/div>\n                <\/div>\n              <\/div>\n            <\/div>\n          <\/div>\n        <\/div>\n      <\/div>\n    <\/div>\n  <\/div>\n  <div data-colibri-component=\"section\" data-colibri-id=\"1699-c16\" id=\"custom-2\" class=\"h-section h-section-global-spacing d-flex align-items-lg-center align-items-md-center align-items-center style-1566 style-local-1699-c16 position-relative\">\n    <!---->\n    <!---->\n    <div class=\"h-section-grid-container h-section-boxed-container\">\n      <!---->\n      <div data-colibri-id=\"1699-c17\" class=\"h-row-container gutters-row-lg-2 gutters-row-md-2 gutters-row-0 gutters-row-v-lg-2 gutters-row-v-md-2 gutters-row-v-2 style-1567 style-local-1699-c17 position-relative\">\n        <!---->\n        <div class=\"h-row justify-content-lg-center justify-content-md-center justify-content-center align-items-lg-stretch align-items-md-stretch align-items-stretch gutters-col-lg-2 gutters-col-md-2 gutters-col-0 gutters-col-v-lg-2 gutters-col-v-md-2 gutters-col-v-2\">\n          <!---->\n          <div class=\"h-column h-column-container d-flex h-col-lg-auto h-col-md-auto h-col-auto style-1568-outer style-local-1699-c18-outer\">\n            <div data-colibri-id=\"1699-c18\" class=\"d-flex h-flex-basis h-column__inner h-px-lg-2 h-px-md-2 h-px-2 v-inner-lg-2 v-inner-md-2 v-inner-2 style-1568 style-local-1699-c18 position-relative\">\n              <!---->\n              <!---->\n              <div class=\"w-100 h-y-container h-column__content h-column__v-align flex-basis-100 align-self-lg-start align-self-md-start align-self-start\">\n                <!---->\n                <div data-colibri-id=\"1699-c19\" class=\"h-global-transition-all h-heading style-1569 style-local-1699-c19 position-relative h-element\">\n                  <!---->\n                  <div class=\"h-heading__outer style-1569 style-local-1699-c19\">\n                    <!---->\n                    <!---->\n                    <h1 class=\"\">La comunicaci\u00f3n gr\u00e1fica en el punto de venta<\/h1>\n                  <\/div>\n                <\/div>\n              <\/div>\n            <\/div>\n          <\/div>\n        <\/div>\n      <\/div>\n    <\/div>\n  <\/div>\n  <div data-colibri-component=\"section\" data-colibri-id=\"1699-c20\" id=\"custom-3\" class=\"h-section h-section-global-spacing d-flex align-items-lg-center align-items-md-center align-items-center style-1570 style-local-1699-c20 position-relative\">\n    <!---->\n    <!---->\n    <div class=\"h-section-grid-container h-section-boxed-container\">\n      <!---->\n      <div data-colibri-id=\"1699-c21\" class=\"h-row-container gutters-row-lg-2 gutters-row-md-2 gutters-row-0 gutters-row-v-lg-2 gutters-row-v-md-2 gutters-row-v-2 style-1571 style-local-1699-c21 position-relative\">\n        <!---->\n        <div class=\"h-row justify-content-lg-center justify-content-md-center justify-content-center align-items-lg-stretch align-items-md-stretch align-items-stretch gutters-col-lg-2 gutters-col-md-2 gutters-col-0 gutters-col-v-lg-2 gutters-col-v-md-2 gutters-col-v-2\">\n          <!---->\n          <div class=\"h-column h-column-container d-flex h-col-lg-auto h-col-md-auto h-col-auto style-1572-outer style-local-1699-c22-outer\">\n            <div data-colibri-id=\"1699-c22\" class=\"d-flex h-flex-basis h-column__inner h-px-lg-2 h-px-md-2 h-px-2 v-inner-lg-2 v-inner-md-2 v-inner-2 style-1572 style-local-1699-c22 position-relative\">\n              <!---->\n              <!---->\n              <div class=\"w-100 h-y-container h-column__content h-column__v-align flex-basis-100 align-self-lg-start align-self-md-start align-self-start\">\n                <!---->\n                <div data-colibri-id=\"1699-c23\" class=\"d-block style-1573 style-local-1699-c23 position-relative h-element\">\n                  <!---->\n                  <div class=\"h-image__frame-container-outer\">\n                    <div class=\"h-image__frame-container\">\n                      <!---->\n                      <!---->\n                      <img fetchpriority=\"high\" decoding=\"async\" width=\"1037\" height=\"800\" src=\"http:\/\/www.grcreativity.com\/wp-content\/uploads\/2021\/03\/cropped-esquema-e-puntos-de-venta-1.jpg\" class=\"wp-image-4429 style-1573-image style-local-1699-c23-image\" alt=\"\" srcset=\"https:\/\/www.grcreativity.com\/wp-content\/uploads\/2021\/03\/cropped-esquema-e-puntos-de-venta-1.jpg 1037w, https:\/\/www.grcreativity.com\/wp-content\/uploads\/2021\/03\/cropped-esquema-e-puntos-de-venta-1-300x231.jpg 300w, https:\/\/www.grcreativity.com\/wp-content\/uploads\/2021\/03\/cropped-esquema-e-puntos-de-venta-1-1024x790.jpg 1024w, https:\/\/www.grcreativity.com\/wp-content\/uploads\/2021\/03\/cropped-esquema-e-puntos-de-venta-1-768x592.jpg 768w\" sizes=\"(max-width: 1037px) 100vw, 1037px\" \/>\n                      <div class=\"h-image__frame h-hide-lg h-hide-md h-hide-sm style-1573-frameImage style-local-1699-c23-frameImage\"><\/div>\n                    <\/div>\n                  <\/div>\n                <\/div>\n              <\/div>\n            <\/div>\n          <\/div>\n        <\/div>\n      <\/div>\n    <\/div>\n  <\/div>\n  <div data-colibri-component=\"section\" data-colibri-id=\"1699-c24\" id=\"custom-5\" class=\"h-section h-section-global-spacing d-flex align-items-lg-center align-items-md-center align-items-center style-1778 style-local-1699-c24 position-relative\">\n    <!---->\n    <!---->\n    <div class=\"h-section-grid-container h-section-boxed-container\">\n      <!---->\n      <div data-colibri-id=\"1699-c25\" class=\"h-row-container gutters-row-lg-2 gutters-row-md-2 gutters-row-0 gutters-row-v-lg-2 gutters-row-v-md-2 gutters-row-v-2 style-1779 style-local-1699-c25 position-relative\">\n        <!---->\n        <div class=\"h-row justify-content-lg-center justify-content-md-center justify-content-center align-items-lg-stretch align-items-md-stretch align-items-stretch gutters-col-lg-2 gutters-col-md-2 gutters-col-0 gutters-col-v-lg-2 gutters-col-v-md-2 gutters-col-v-2\">\n          <!---->\n          <div class=\"h-column h-column-container d-flex h-col-lg-auto h-col-md-auto h-col-auto style-1780-outer style-local-1699-c26-outer\">\n            <div data-colibri-id=\"1699-c26\" class=\"d-flex h-flex-basis h-column__inner h-px-lg-2 h-px-md-2 h-px-2 v-inner-lg-2 v-inner-md-2 v-inner-2 style-1780 style-local-1699-c26 position-relative\">\n              <!---->\n              <!---->\n              <div class=\"w-100 h-y-container h-column__content h-column__v-align flex-basis-100 align-self-lg-start align-self-md-start align-self-start\">\n                <!---->\n                <div data-colibri-id=\"1699-c27\" class=\"h-x-container style-1782 style-local-1699-c27 position-relative h-element\">\n                  <!---->\n                  <div class=\"h-x-container-inner style-dynamic-1699-c27-group style-1782-spacing style-local-1699-c27-spacing\"><span class=\"h-button__outer style-1783-outer style-local-1699-c28-outer d-inline-flex h-element\"><a h-use-smooth-scroll=\"true\" href=\"http:\/\/www.grcreativity.com\/?page_id=4540\" rel=\"nofollow\"  data-colibri-id=\"1699-c28\" class=\"d-flex w-100 align-items-center h-button justify-content-lg-center justify-content-md-center justify-content-center style-1783 style-local-1699-c28 position-relative\"><!----><!----> <span>POSIBILIDADES<\/span><\/a>\n                    <\/span>\n                  <\/div>\n                <\/div>\n              <\/div>\n            <\/div>\n          <\/div>\n          <div class=\"h-column h-column-container d-flex h-col-lg-auto h-col-md-auto h-col-auto style-1781-outer style-local-1699-c29-outer\">\n            <div data-colibri-id=\"1699-c29\" class=\"d-flex h-flex-basis h-column__inner h-px-lg-2 h-px-md-2 h-px-2 v-inner-lg-2 v-inner-md-2 v-inner-2 style-1781 style-local-1699-c29 position-relative\">\n              <!---->\n              <!---->\n              <div class=\"w-100 h-y-container h-column__content h-column__v-align flex-basis-100 align-self-lg-start align-self-md-start align-self-start\">\n                <!---->\n                <div data-colibri-id=\"1699-c30\" class=\"h-x-container style-1784 style-local-1699-c30 position-relative h-element\">\n                  <!---->\n                  <div class=\"h-x-container-inner style-dynamic-1699-c30-group style-1784-spacing style-local-1699-c30-spacing\"><span class=\"h-button__outer style-1785-outer style-local-1699-c31-outer d-inline-flex h-element\"><a h-use-smooth-scroll=\"true\" href=\"http:\/\/www.grcreativity.com\/?page_id=1695\" rel=\"nofollow\"  data-colibri-id=\"1699-c31\" class=\"d-flex w-100 align-items-center h-button justify-content-lg-center justify-content-md-center justify-content-center style-1785 style-local-1699-c31 position-relative\"><!----><!----> <span>ESTRATEGIA<\/span><\/a>\n                    <\/span>\n                  <\/div>\n                <\/div>\n              <\/div>\n            <\/div>\n          <\/div>\n        <\/div>\n      <\/div>\n    <\/div>\n  <\/div>\n  <div data-colibri-component=\"section\" data-colibri-id=\"1699-c32\" id=\"custom-4\" class=\"h-section h-section-global-spacing d-flex align-items-lg-center align-items-md-center align-items-center style-1574 style-local-1699-c32 position-relative\">\n    <!---->\n    <!---->\n    <div class=\"h-section-grid-container h-section-boxed-container\">\n      <!---->\n      <div data-colibri-id=\"1699-c33\" class=\"h-row-container gutters-row-lg-2 gutters-row-md-2 gutters-row-0 gutters-row-v-lg-2 gutters-row-v-md-2 gutters-row-v-2 style-1575 style-local-1699-c33 position-relative\">\n        <!---->\n        <div class=\"h-row justify-content-lg-center justify-content-md-center justify-content-center align-items-lg-stretch align-items-md-stretch align-items-stretch gutters-col-lg-2 gutters-col-md-2 gutters-col-0 gutters-col-v-lg-2 gutters-col-v-md-2 gutters-col-v-2\">\n          <!---->\n          <div class=\"h-column h-column-container d-flex h-col-lg-auto h-col-md-auto h-col-auto style-1576-outer style-local-1699-c34-outer\">\n            <div data-colibri-id=\"1699-c34\" class=\"d-flex h-flex-basis h-column__inner h-px-lg-2 h-px-md-2 h-px-2 v-inner-lg-2 v-inner-md-2 v-inner-2 style-1576 style-local-1699-c34 position-relative\">\n              <!---->\n              <!---->\n              <div class=\"w-100 h-y-container h-column__content h-column__v-align flex-basis-100 align-self-lg-start align-self-md-start align-self-start\">\n                <!---->\n                <div data-colibri-id=\"1699-c35\" class=\"h-text h-text-component style-1578 style-local-1699-c35 position-relative h-element\">\n                  <!---->\n                  <!---->\n                  <div class=\"\">\n                    <p><span style=\"font-weight: 600; font-size: 16px; font-family: &quot;Titillium Web&quot;; color: rgb(23, 37, 42);\">Solicite presupuesto de su proyecto.<\/span><\/p>\n                    <p><span style=\"font-weight: 600; font-size: 16px; font-family: &quot;Titillium Web&quot;; color: rgb(23, 37, 42);\">No se lo piense m\u00e1s.<br>Estamos dispuestos a ofrecerles <br>nuestra mejor propuesta.<\/span><\/p>\n                  <\/div>\n                <\/div>\n                <div data-colibri-id=\"1699-c36\" class=\"h-x-container style-1582 style-local-1699-c36 position-relative h-element\">\n                  <!---->\n                  <div class=\"h-x-container-inner style-dynamic-1699-c36-group style-1582-spacing style-local-1699-c36-spacing\"><span class=\"h-button__outer style-1583-outer style-local-1699-c37-outer d-inline-flex h-element\"><a h-use-smooth-scroll=\"true\" href=\"http:\/\/www.grcreativity.com\/?page_id=694\" rel=\"nofollow\"  data-colibri-id=\"1699-c37\" class=\"d-flex w-100 align-items-center h-button justify-content-lg-center justify-content-md-center justify-content-center style-1583 style-local-1699-c37 position-relative\"><!----><!----> <span>CONTACTO<\/span><\/a>\n                    <\/span>\n                  <\/div>\n                <\/div>\n              <\/div>\n            <\/div>\n          <\/div>\n        <\/div>\n      <\/div>\n    <\/div>\n  <\/div>\n<\/div>","protected":false},"excerpt":{"rendered":"<p>\u00a9 2021 La comunicaci\u00f3n gr\u00e1fica en el punto de venta POSIBILIDADES ESTRATEGIA Solicite presupuesto de su proyecto. No se lo piense m\u00e1s.Estamos dispuestos a ofrecerles nuestra mejor propuesta. CONTACTO<\/p>\n","protected":false},"author":1,"featured_media":0,"parent":0,"menu_order":0,"comment_status":"closed","ping_status":"closed","template":"page-templates\/full-width-page.php","meta":{"_uag_custom_page_level_css":"","footnotes":""},"class_list":["post-1699","page","type-page","status-publish","hentry"],"uagb_featured_image_src":{"full":false,"thumbnail":false,"medium":false,"medium_large":false,"large":false,"1536x1536":false,"2048x2048":false},"uagb_author_info":{"display_name":"admin","author_link":"https:\/\/www.grcreativity.com\/?author=1"},"uagb_comment_info":0,"uagb_excerpt":"\u00a9 2021 La comunicaci\u00f3n gr\u00e1fica en el punto de venta POSIBILIDADES ESTRATEGIA Solicite presupuesto de su proyecto. No se lo piense m\u00e1s.Estamos dispuestos a ofrecerles nuestra mejor propuesta. CONTACTO","_links":{"self":[{"href":"https:\/\/www.grcreativity.com\/index.php?rest_route=\/wp\/v2\/pages\/1699","targetHints":{"allow":["GET"]}}],"collection":[{"href":"https:\/\/www.grcreativity.com\/index.php?rest_route=\/wp\/v2\/pages"}],"about":[{"href":"https:\/\/www.grcreativity.com\/index.php?rest_route=\/wp\/v2\/types\/page"}],"author":[{"embeddable":true,"href":"https:\/\/www.grcreativity.com\/index.php?rest_route=\/wp\/v2\/users\/1"}],"replies":[{"embeddable":true,"href":"https:\/\/www.grcreativity.com\/index.php?rest_route=%2Fwp%2Fv2%2Fcomments&post=1699"}],"version-history":[{"count":12,"href":"https:\/\/www.grcreativity.com\/index.php?rest_route=\/wp\/v2\/pages\/1699\/revisions"}],"predecessor-version":[{"id":6030,"href":"https:\/\/www.grcreativity.com\/index.php?rest_route=\/wp\/v2\/pages\/1699\/revisions\/6030"}],"wp:attachment":[{"href":"https:\/\/www.grcreativity.com\/index.php?rest_route=%2Fwp%2Fv2%2Fmedia&parent=1699"}],"curies":[{"name":"wp","href":"https:\/\/api.w.org\/{rel}","templated":true}]}}